{"id":58,"date":"2017-02-26T22:47:33","date_gmt":"2017-02-26T21:47:33","guid":{"rendered":"http:\/\/vcccheb.cz\/domains\/vcccheb.cz\/?page_id=58"},"modified":"2017-11-24T12:46:21","modified_gmt":"2017-11-24T11:46:21","slug":"rocenky","status":"publish","type":"page","link":"http:\/\/vcccheb.cz\/domains\/vcccheb.cz\/rocenky\/","title":{"rendered":"Ro\u010denky"},"content":{"rendered":"<h4>Ro\u010denky na\u0161eho klubu<\/h4>\n<p><a href=\"http:\/\/vcccheb.cz\/domains\/vcccheb.cz\/rocenky\/rocenka_2002\/\">Ro\u010denka 2002<\/a><\/p>\n<p><a href=\"http:\/\/vcccheb.cz\/domains\/vcccheb.cz\/rocenky\/rocenka_2016\/\"><span style=\"color: #ff0000;\">Ro\u010denka 2016<\/span><\/a><\/p>\n<p>&nbsp;<\/p>\n<p>&nbsp;<\/p>\n","protected":false},"excerpt":{"rendered":"<p>Ro\u010denky na\u0161eho klubu Ro\u010denka 2002 Ro\u010denka 2016 &nbsp; &nbsp;<\/p>\n","protected":false},"author":1,"featured_media":0,"parent":0,"menu_order":0,"comment_status":"closed","ping_status":"closed","template":"","meta":[],"_links":{"self":[{"href":"http:\/\/vcccheb.cz\/domains\/vcccheb.cz\/wp-json\/wp\/v2\/pages\/58"}],"collection":[{"href":"http:\/\/vcccheb.cz\/domains\/vcccheb.cz\/wp-json\/wp\/v2\/pages"}],"about":[{"href":"http:\/\/vcccheb.cz\/domains\/vcccheb.cz\/wp-json\/wp\/v2\/types\/page"}],"author":[{"embeddable":true,"href":"http:\/\/vcccheb.cz\/domains\/vcccheb.cz\/wp-json\/wp\/v2\/users\/1"}],"replies":[{"embeddable":true,"href":"http:\/\/vcccheb.cz\/domains\/vcccheb.cz\/wp-json\/wp\/v2\/comments?post=58"}],"version-history":[{"count":5,"href":"http:\/\/vcccheb.cz\/domains\/vcccheb.cz\/wp-json\/wp\/v2\/pages\/58\/revisions"}],"predecessor-version":[{"id":302,"href":"http:\/\/vcccheb.cz\/domains\/vcccheb.cz\/wp-json\/wp\/v2\/pages\/58\/revisions\/302"}],"wp:attachment":[{"href":"http:\/\/vcccheb.cz\/domains\/vcccheb.cz\/wp-json\/wp\/v2\/media?parent=58"}],"curies":[{"name":"wp","href":"https:\/\/api.w.org\/{rel}","templated":true}]}}