{"id":401,"date":"2018-03-26T14:19:00","date_gmt":"2018-03-26T12:19:00","guid":{"rendered":"http:\/\/vcccheb.cz\/domains\/vcccheb.cz\/?page_id=401"},"modified":"2026-04-14T01:18:51","modified_gmt":"2026-04-13T23:18:51","slug":"401-2","status":"publish","type":"page","link":"https:\/\/vcccheb.cz\/domains\/vcccheb.cz\/","title":{"rendered":"P\u0159ihl\u00e1\u0161ka a propozice"},"content":{"rendered":"\n<p><a href=\"http:\/\/vcccheb.cz\/domains\/vcccheb.cz\/wp-content\/uploads\/2025\/04\/Obecne-informace-2025.pdf\">Obecn\u00e9 informace 2025<\/a><\/p>\n\n\n\n<p><a href=\"http:\/\/vcccheb.cz\/domains\/vcccheb.cz\/wp-content\/uploads\/2025\/04\/Plakat-F.-Lazne-2025.jpg\">Plak\u00e1t 2025<\/a><\/p>\n\n\n\n<p><a href=\"http:\/\/vcccheb.cz\/domains\/vcccheb.cz\/wp-content\/uploads\/2025\/04\/Propozice-VCC-2025-cesky.pdf\">P\u0159ihl\u00e1\u0161ka a propozice 2025<\/a><\/p>\n\n\n\n<p><a href=\"http:\/\/vcccheb.cz\/domains\/vcccheb.cz\/wp-content\/uploads\/2025\/04\/Propozice-VCC-2025-cesky.pdf\">Anmeldung und richtlinien 2025<\/a><\/p>\n\n\n\n<p><a href=\"https:\/\/vcccheb.cz\/domains\/vcccheb.cz\/propozice-a-prihlaska-2026-cesky\/\" data-type=\"URL\">P\u0159ihl\u00e1\u0161ka a propozice 2026<\/a><\/p>\n\n\n\n<p><a href=\"https:\/\/vcccheb.cz\/domains\/vcccheb.cz\/propozice-a-prihlaska-2026-nemecky\/\">Anmeldung und richtlinien 2026<\/a><\/p>\n\n\n\n<p><a href=\"http:\/\/vcccheb.cz\/domains\/vcccheb.cz\/plakat-upraveny-do-velikosti-1-5-2026-222\/\">Plak\u00e1t 2026<\/a><\/p>\n\n\n\n<p><a href=\"http:\/\/vcccheb.cz\/domains\/vcccheb.cz\/vccchebpozvanka-ceskypreklad-upraven-na-rok2026-nemecky\/\">Pozv\u00e1nka 2026<\/a><\/p>\n\n\n\n<p><\/p>\n\n\n\n<p><\/p>\n\n\n\n<p><\/p>\n","protected":false},"excerpt":{"rendered":"<p>Obecn\u00e9 informace 2025 Plak\u00e1t 2025 P\u0159ihl\u00e1\u0161ka a propozice 2025 Anmeldung und richtlinien 2025 P\u0159ihl\u00e1\u0161ka a propozice 2026 Anmeldung und richtlinien 2026 Plak\u00e1t 2026 Pozv\u00e1nka 2026<\/p>\n","protected":false},"author":1,"featured_media":0,"parent":0,"menu_order":0,"comment_status":"closed","ping_status":"closed","template":"","meta":[],"_links":{"self":[{"href":"https:\/\/vcccheb.cz\/domains\/vcccheb.cz\/wp-json\/wp\/v2\/pages\/401"}],"collection":[{"href":"https:\/\/vcccheb.cz\/domains\/vcccheb.cz\/wp-json\/wp\/v2\/pages"}],"about":[{"href":"https:\/\/vcccheb.cz\/domains\/vcccheb.cz\/wp-json\/wp\/v2\/types\/page"}],"author":[{"embeddable":true,"href":"https:\/\/vcccheb.cz\/domains\/vcccheb.cz\/wp-json\/wp\/v2\/users\/1"}],"replies":[{"embeddable":true,"href":"https:\/\/vcccheb.cz\/domains\/vcccheb.cz\/wp-json\/wp\/v2\/comments?post=401"}],"version-history":[{"count":47,"href":"https:\/\/vcccheb.cz\/domains\/vcccheb.cz\/wp-json\/wp\/v2\/pages\/401\/revisions"}],"predecessor-version":[{"id":604,"href":"https:\/\/vcccheb.cz\/domains\/vcccheb.cz\/wp-json\/wp\/v2\/pages\/401\/revisions\/604"}],"wp:attachment":[{"href":"https:\/\/vcccheb.cz\/domains\/vcccheb.cz\/wp-json\/wp\/v2\/media?parent=401"}],"curies":[{"name":"wp","href":"https:\/\/api.w.org\/{rel}","templated":true}]}}