{"id":607,"date":"2026-05-03T11:18:19","date_gmt":"2026-05-03T09:18:19","guid":{"rendered":"https:\/\/vcccheb.cz\/domains\/vcccheb.cz\/?page_id=607"},"modified":"2026-05-03T12:21:47","modified_gmt":"2026-05-03T10:21:47","slug":"aktuality","status":"publish","type":"page","link":"https:\/\/vcccheb.cz\/domains\/vcccheb.cz\/401-2\/aktuality\/","title":{"rendered":"Aktuality"},"content":{"rendered":"\n<h2>XXVIII. Mezin\u00e1rodn\u00ed sout\u011b\u017e elegance historick\u00fdch vozidel Franti\u0161kovy L\u00e1zn\u011b 2026<\/h2>\n\n\n\n<p><a href=\"https:\/\/eu.zonerama.com\/Cestovat\/Album\/15208884\">https:\/\/eu.zonerama.com\/Cestovat\/Album\/15208884<\/a><\/p>\n\n\n\n<p><a href=\"https:\/\/eu.zonerama.com\/Cestovat\/Album\/15209117\">https:\/\/eu.zonerama.com\/Cestovat\/Album\/15209117<\/a><\/p>\n\n\n\n<p><a href=\"https:\/\/www.facebook.com\/reel\/3784288291867228\">https:\/\/www.facebook.com\/reel\/3784288291867228<\/a><\/p>\n\n\n\n<p><a href=\"https:\/\/www.facebook.com\/k1tvcz\/videos\/944523875119346\/\">https:\/\/www.facebook.com\/k1tvcz\/videos\/944523875119346\/<\/a><\/p>\n\n\n\n<p>Zdroj \u010cT24<\/p>\n\n\n\n<figure class=\"wp-block-video\"><video controls src=\"https:\/\/vcccheb.cz\/domains\/vcccheb.cz\/wp-content\/uploads\/2026\/05\/VID-20260503-WA0000.mp4\"><\/video><\/figure>\n","protected":false},"excerpt":{"rendered":"<p>XXVIII. Mezin\u00e1rodn\u00ed sout\u011b\u017e elegance historick\u00fdch vozidel Franti\u0161kovy L\u00e1zn\u011b 2026 https:\/\/eu.zonerama.com\/Cestovat\/Album\/15208884 https:\/\/eu.zonerama.com\/Cestovat\/Album\/15209117 https:\/\/www.facebook.com\/reel\/3784288291867228 https:\/\/www.facebook.com\/k1tvcz\/videos\/944523875119346\/ Zdroj \u010cT24<\/p>\n","protected":false},"author":1,"featured_media":0,"parent":401,"menu_order":1,"comment_status":"closed","ping_status":"closed","template":"","meta":[],"_links":{"self":[{"href":"https:\/\/vcccheb.cz\/domains\/vcccheb.cz\/wp-json\/wp\/v2\/pages\/607"}],"collection":[{"href":"https:\/\/vcccheb.cz\/domains\/vcccheb.cz\/wp-json\/wp\/v2\/pages"}],"about":[{"href":"https:\/\/vcccheb.cz\/domains\/vcccheb.cz\/wp-json\/wp\/v2\/types\/page"}],"author":[{"embeddable":true,"href":"https:\/\/vcccheb.cz\/domains\/vcccheb.cz\/wp-json\/wp\/v2\/users\/1"}],"replies":[{"embeddable":true,"href":"https:\/\/vcccheb.cz\/domains\/vcccheb.cz\/wp-json\/wp\/v2\/comments?post=607"}],"version-history":[{"count":11,"href":"https:\/\/vcccheb.cz\/domains\/vcccheb.cz\/wp-json\/wp\/v2\/pages\/607\/revisions"}],"predecessor-version":[{"id":627,"href":"https:\/\/vcccheb.cz\/domains\/vcccheb.cz\/wp-json\/wp\/v2\/pages\/607\/revisions\/627"}],"up":[{"embeddable":true,"href":"https:\/\/vcccheb.cz\/domains\/vcccheb.cz\/wp-json\/wp\/v2\/pages\/401"}],"wp:attachment":[{"href":"https:\/\/vcccheb.cz\/domains\/vcccheb.cz\/wp-json\/wp\/v2\/media?parent=607"}],"curies":[{"name":"wp","href":"https:\/\/api.w.org\/{rel}","templated":true}]}}